{"id":929,"date":"2023-02-20T15:56:48","date_gmt":"2023-02-20T20:56:48","guid":{"rendered":"https:\/\/zapatosyzapatos.com\/?post_type=product&#038;p=929"},"modified":"2023-02-22T15:04:21","modified_gmt":"2023-02-22T20:04:21","slug":"bota-royal-argyll-negra","status":"publish","type":"product","link":"https:\/\/zapatosyzapatos.com\/index.php\/producto\/bota-royal-argyll-negra\/","title":{"rendered":"Bota Royal ARGYLL Negra 202-70-7"},"content":{"rendered":"<h1>Bota Royal ARGYLL Negra<\/h1>\n<p>Bota Royal ARGYLL Negra<\/p>\n<p><strong>CARACTER\u00cdSTICAS DEL CALZADO<\/strong><\/p>\n<p id=\"product_reference\">Botas ideales para lavaderos de veh\u00edculos, motociclistas, agricultura y ganader\u00eda. Elaboradas en caucho natural 100% impermeable, con cinta roja distintiva, suela resistente a la abrasi\u00f3n con labrado que proporciona agarre sobre diferentes superficies, plantilla extra\u00edble fabricada en poliuretano con surcos de ventilaci\u00f3n que dejar\u00e1n que tus pies respiren con tranquilidad, muy f\u00e1cil de limpiar. Pon a prueba su resistencia y durabilidad.<\/p>\n<p><strong>COLOR:<\/strong>\u00a0Ca\u00f1a negra con suela negra y distintivos rojos.<br \/>\n<strong>FORRO INTERNO:<\/strong>\u00a0100% algod\u00f3n.<br \/>\n<strong>PLANTILLA CONFORT<\/strong>: Fabricada en poliuretano (PU)\u00a0extra\u00edble con surcos de ventilaci\u00f3n que ayudan a\u00a0mantener el pie fresco para facilitar su limpieza, proporcionando mas higiene al calzado, su dise\u00f1o anat\u00f3mico brinda mayor confort al caminar.<br \/>\n<strong>SUELA:<\/strong>\u00a0Resistente a la abrasi\u00f3n con labrado que proporciona agarre en las diferentes zonas de trabajo a las que est\u00e1 expuesta y su dise\u00f1o facilita la remoci\u00f3n de residuos, ayudando al mantenimiento y durabilidad de las mismas. ideal para superficies planas.<br \/>\n<strong>PROCESO:<\/strong>\u00a0Armado por piezas y vulcanizado en autoclave, fabricado bajo los requerimientos de la norma NTC 1741 antecedentes BSI 5145.<br \/>\n<strong>REFERENCIAL T\u00c9CNICO:<\/strong>\u00a0ASTM F2413-18.<br \/>\n<strong>PESO \/ TALLA PROMEDIO:<\/strong>\u00a02.043 gr \/ 41.<br \/>\n<strong>ALTURA INTERNA:<\/strong>\u00a012\u2033 \/ 30 cm.<br \/>\n<strong>TALLA FRA:<\/strong>\u00a036 \u2013 47.<\/p>\n<p><b>GARANT\u00cdA<\/b>: 2 (DOS) MESES.<\/p>\n<h3><b>DESCUENTOS PARA VENTAS AL POR MAYOR<\/b><\/h3>\n<p>&nbsp;<\/p>\n<p><a href=\"https:\/\/zapatosyzapatos.com\/index.php\/categoria-producto\/marcas\/croydon\/\" target=\"_blank\" rel=\"noopener\"><img fetchpriority=\"high\" decoding=\"async\" class=\"alignnone wp-image-898 size-medium\" src=\"https:\/\/zapatosyzapatos.com\/wp-content\/uploads\/2023\/02\/croydon-300x167.jpg\" alt=\"\" width=\"300\" height=\"167\" srcset=\"https:\/\/zapatosyzapatos.com\/wp-content\/uploads\/2023\/02\/croydon-300x167.jpg 300w, https:\/\/zapatosyzapatos.com\/wp-content\/uploads\/2023\/02\/croydon-768x426.jpg 768w, https:\/\/zapatosyzapatos.com\/wp-content\/uploads\/2023\/02\/croydon-600x333.jpg 600w, https:\/\/zapatosyzapatos.com\/wp-content\/uploads\/2023\/02\/croydon-64x36.jpg 64w, https:\/\/zapatosyzapatos.com\/wp-content\/uploads\/2023\/02\/croydon.jpg 980w\" sizes=\"(max-width: 300px) 100vw, 300px\" \/><\/a><\/p>\n<h2>Bota Royal ARGYLL Negra 202-70-7<\/h2>\n<h2>Nuestra Historia<\/h2>\n<p>Zapatos &amp; Zapatos Fundada por Carlos Alberto Hern\u00e1ndez Chaves con m\u00e1s de 40 a\u00f1os de experiencia,<\/p>\n<p>trae al mercado Vallecaucano principalmente en la Ciudad de Cali, Las mejores marcas nacionales de calzado.<\/p>\n<p>Con esto promoviendo el mercado nacional Logra impulsar este negocio haciendo estudio de mercado y reconocimiento de marcas.<\/p>\n<p>llegando as\u00ed a darles un reconocimiento en la regi\u00f3n.<\/p>\n<p>D\u00e1ndole manejo continuo a estas marcas ha logrado traer a la regi\u00f3n productos de primera necesidad para el Publico en General,<\/p>\n<p>Empresas e Industrias. productos que con la mano de obra colombiana sabemos que son de excelente calidad y precio.<\/p>\n<p>Nuestra gran variedad de productos incluye Botas Industriales de seguridad con puntera o sin puntera,<\/p>\n<p>Botas Pl\u00e1sticas o en PVC con puntera o sin puntera, Calzado Institucional de Hombre y de Dama,<\/p>\n<p>Colegiales de todas las gamas y precios, Calzado de Moda para adultos y ni\u00f1os de las marcas Croydon, Kondor, Oversize,<\/p>\n<p>Venus, Bubble Gummers, Verlon, Los Gomosos, Chernandez entre otras.<\/p>\n<p>Con este Gran surtido y manejando los mejores precios del mercado estamos dando la mejor atenci\u00f3n a todo nuestro p\u00fablico,<\/p>\n<p>brind\u00e1ndoles el mejor servicio y satisfaciendo las necesidades del mercado Regional.<\/p>\n<p>Nuestro Prop\u00f3sito como Empresa es Brindar a nuestros clientes Empresariales y P\u00fablico en General las mejores opciones de mercado.<\/p>\n<p>Con esto fidelizarlos y de esta manera que tengan como primera Opci\u00f3n nuestras tiendas Zapatos &amp; Zapatos<\/p>\n","protected":false},"excerpt":{"rendered":"<p><a href=\"https:\/\/zapatosyzapatos.com\/index.php\/categoria-producto\/marcas\/croydon\/\" target=\"_blank\" rel=\"noopener\"><img fetchpriority=\"high\" decoding=\"async\" class=\"alignnone wp-image-898 size-medium\" src=\"https:\/\/zapatosyzapatos.com\/wp-content\/uploads\/2023\/02\/croydon-300x167.jpg\" alt=\"\" width=\"300\" height=\"167\" srcset=\"https:\/\/zapatosyzapatos.com\/wp-content\/uploads\/2023\/02\/croydon-300x167.jpg 300w, https:\/\/zapatosyzapatos.com\/wp-content\/uploads\/2023\/02\/croydon-768x426.jpg 768w, https:\/\/zapatosyzapatos.com\/wp-content\/uploads\/2023\/02\/croydon-600x333.jpg 600w, https:\/\/zapatosyzapatos.com\/wp-content\/uploads\/2023\/02\/croydon-64x36.jpg 64w, https:\/\/zapatosyzapatos.com\/wp-content\/uploads\/2023\/02\/croydon.jpg 980w\" sizes=\"(max-width: 300px) 100vw, 300px\" \/><\/a><\/p>\n<p><a href=\"https:\/\/api.whatsapp.com\/send\/?phone=573043815212&amp;text=Quiero+realizar+una+cotizaci%C3%B3n&amp;app_absent=0\" target=\"_blank\" rel=\"noopener\"><img decoding=\"async\" class=\"alignnone wp-image-252 size-medium\" src=\"https:\/\/zapatosyzapatos.com\/wp-content\/uploads\/2023\/02\/Boton_Escribenos_ZapatosyZapatos-300x61.png\" alt=\"\" width=\"300\" height=\"61\" srcset=\"https:\/\/zapatosyzapatos.com\/wp-content\/uploads\/2023\/02\/Boton_Escribenos_ZapatosyZapatos-300x61.png 300w, https:\/\/zapatosyzapatos.com\/wp-content\/uploads\/2023\/02\/Boton_Escribenos_ZapatosyZapatos-600x121.png 600w, https:\/\/zapatosyzapatos.com\/wp-content\/uploads\/2023\/02\/Boton_Escribenos_ZapatosyZapatos-64x13.png 64w, https:\/\/zapatosyzapatos.com\/wp-content\/uploads\/2023\/02\/Boton_Escribenos_ZapatosyZapatos-768x155.png 768w, https:\/\/zapatosyzapatos.com\/wp-content\/uploads\/2023\/02\/Boton_Escribenos_ZapatosyZapatos.png 990w\" sizes=\"(max-width: 300px) 100vw, 300px\" \/><\/a><\/p>\n<p><a href=\"https:\/\/zapatosyzapatos.com\/wp-content\/uploads\/2023\/02\/Ficha_Tecnica_Bota_Croydon_Angryl_Negro_calzaunico-8.pdf\" target=\"_blank\" rel=\"noopener\"><img decoding=\"async\" class=\"alignnone wp-image-253 size-medium\" src=\"https:\/\/zapatosyzapatos.com\/wp-content\/uploads\/2023\/02\/Boton_Ficha_Tecnica_ZapatosyZapatos-300x40.png\" alt=\"\" width=\"300\" height=\"40\" srcset=\"https:\/\/zapatosyzapatos.com\/wp-content\/uploads\/2023\/02\/Boton_Ficha_Tecnica_ZapatosyZapatos-300x40.png 300w, https:\/\/zapatosyzapatos.com\/wp-content\/uploads\/2023\/02\/Boton_Ficha_Tecnica_ZapatosyZapatos-600x79.png 600w, https:\/\/zapatosyzapatos.com\/wp-content\/uploads\/2023\/02\/Boton_Ficha_Tecnica_ZapatosyZapatos-64x8.png 64w, https:\/\/zapatosyzapatos.com\/wp-content\/uploads\/2023\/02\/Boton_Ficha_Tecnica_ZapatosyZapatos-768x101.png 768w, https:\/\/zapatosyzapatos.com\/wp-content\/uploads\/2023\/02\/Boton_Ficha_Tecnica_ZapatosyZapatos.png 993w\" sizes=\"(max-width: 300px) 100vw, 300px\" \/><\/a><\/p>\n<p><img loading=\"lazy\" decoding=\"async\" class=\"alignnone size-medium wp-image-254\" src=\"https:\/\/zapatosyzapatos.com\/wp-content\/uploads\/2023\/02\/Ventas_X_Mayor_3_ZapatosyZapatos-300x160.png\" alt=\"\" width=\"300\" height=\"160\" srcset=\"https:\/\/zapatosyzapatos.com\/wp-content\/uploads\/2023\/02\/Ventas_X_Mayor_3_ZapatosyZapatos-300x160.png 300w, https:\/\/zapatosyzapatos.com\/wp-content\/uploads\/2023\/02\/Ventas_X_Mayor_3_ZapatosyZapatos-600x320.png 600w, https:\/\/zapatosyzapatos.com\/wp-content\/uploads\/2023\/02\/Ventas_X_Mayor_3_ZapatosyZapatos-64x34.png 64w, https:\/\/zapatosyzapatos.com\/wp-content\/uploads\/2023\/02\/Ventas_X_Mayor_3_ZapatosyZapatos.png 750w\" sizes=\"(max-width: 300px) 100vw, 300px\" \/><\/p>\n<p>&nbsp;<\/p>\n<p>&nbsp;<\/p>\n","protected":false},"featured_media":942,"template":"","meta":{"_monsterinsights_skip_tracking":false,"_monsterinsights_sitenote_active":false,"_monsterinsights_sitenote_note":"","_monsterinsights_sitenote_category":0,"site-sidebar-layout":"default","site-content-layout":"default","ast-site-content-layout":"default","site-content-style":"default","site-sidebar-style":"default","ast-global-header-display":"","ast-banner-title-visibility":"","ast-main-header-display":"","ast-hfb-above-header-display":"","ast-hfb-below-header-display":"","ast-hfb-mobile-header-display":"","site-post-title":"","ast-breadcrumbs-content":"","ast-featured-img":"","footer-sml-layout":"","theme-transparent-header-meta":"default","adv-header-id-meta":"","stick-header-meta":"","header-above-stick-meta":"","header-main-stick-meta":"","header-below-stick-meta":"","astra-migrate-meta-layouts":"default","ast-page-background-enabled":"default","ast-page-background-meta":{"desktop":{"background-color":"var(--ast-global-color-4)","background-image":"","background-repeat":"repeat","background-position":"center center","background-size":"auto","background-attachment":"scroll","background-type":"","background-media":"","overlay-type":"","overlay-color":"","overlay-opacity":"","overlay-gradient":""},"tablet":{"background-color":"","background-image":"","background-repeat":"repeat","background-position":"center center","background-size":"auto","background-attachment":"scroll","background-type":"","background-media":"","overlay-type":"","overlay-color":"","overlay-opacity":"","overlay-gradient":""},"mobile":{"background-color":"","background-image":"","background-repeat":"repeat","background-position":"center center","background-size":"auto","background-attachment":"scroll","background-type":"","background-media":"","overlay-type":"","overlay-color":"","overlay-opacity":"","overlay-gradient":""}},"ast-content-background-meta":{"desktop":{"background-color":"var(--ast-global-color-5)","background-image":"","background-repeat":"repeat","background-position":"center center","background-size":"auto","background-attachment":"scroll","background-type":"","background-media":"","overlay-type":"","overlay-color":"","overlay-opacity":"","overlay-gradient":""},"tablet":{"background-color":"var(--ast-global-color-5)","background-image":"","background-repeat":"repeat","background-position":"center center","background-size":"auto","background-attachment":"scroll","background-type":"","background-media":"","overlay-type":"","overlay-color":"","overlay-opacity":"","overlay-gradient":""},"mobile":{"background-color":"var(--ast-global-color-5)","background-image":"","background-repeat":"repeat","background-position":"center center","background-size":"auto","background-attachment":"scroll","background-type":"","background-media":"","overlay-type":"","overlay-color":"","overlay-opacity":"","overlay-gradient":""}}},"product_brand":[],"product_cat":[54,55,56,57,26,33],"product_tag":[],"class_list":{"0":"post-929","1":"product","2":"type-product","3":"status-publish","4":"has-post-thumbnail","6":"product_cat-categorias","7":"product_cat-calzado-industrial","8":"product_cat-botas-plasticas","9":"product_cat-botas-plasticas-sin-puntera","10":"product_cat-marcas","11":"product_cat-croydon","12":"desktop-align-left","13":"tablet-align-left","14":"mobile-align-left","16":"first","17":"instock","18":"taxable","19":"shipping-taxable","20":"purchasable","21":"product-type-variable"},"aioseo_notices":[],"_links":{"self":[{"href":"https:\/\/zapatosyzapatos.com\/index.php\/wp-json\/wp\/v2\/product\/929","targetHints":{"allow":["GET"]}}],"collection":[{"href":"https:\/\/zapatosyzapatos.com\/index.php\/wp-json\/wp\/v2\/product"}],"about":[{"href":"https:\/\/zapatosyzapatos.com\/index.php\/wp-json\/wp\/v2\/types\/product"}],"wp:featuredmedia":[{"embeddable":true,"href":"https:\/\/zapatosyzapatos.com\/index.php\/wp-json\/wp\/v2\/media\/942"}],"wp:attachment":[{"href":"https:\/\/zapatosyzapatos.com\/index.php\/wp-json\/wp\/v2\/media?parent=929"}],"wp:term":[{"taxonomy":"product_brand","embeddable":true,"href":"https:\/\/zapatosyzapatos.com\/index.php\/wp-json\/wp\/v2\/product_brand?post=929"},{"taxonomy":"product_cat","embeddable":true,"href":"https:\/\/zapatosyzapatos.com\/index.php\/wp-json\/wp\/v2\/product_cat?post=929"},{"taxonomy":"product_tag","embeddable":true,"href":"https:\/\/zapatosyzapatos.com\/index.php\/wp-json\/wp\/v2\/product_tag?post=929"}],"curies":[{"name":"wp","href":"https:\/\/api.w.org\/{rel}","templated":true}]}}