{"id":9038,"date":"2023-05-11T17:25:05","date_gmt":"2023-05-11T22:25:05","guid":{"rendered":"https:\/\/zapatosyzapatos.com\/?post_type=product&#038;p=9038"},"modified":"2023-05-11T17:32:50","modified_gmt":"2023-05-11T22:32:50","slug":"bota-herreros-de-seguridad-confort-820-201-94-4","status":"publish","type":"product","link":"https:\/\/zapatosyzapatos.com\/index.php\/producto\/bota-herreros-de-seguridad-confort-820-201-94-4\/","title":{"rendered":"Bota Herreros De Seguridad Confort 820 201-94-4"},"content":{"rendered":"<div class=\"vtex-flex-layout-0-x-flexColChild pb0\">\n<div class=\"panel-body\" data-product-scroll=\"\">\n<div class=\"feature-information\">\n<div class=\"product-feature\">\n<div class=\"product-bg-container\">\n<div class=\"vtex-flex-layout-0-x-flexColChild pb0\">\n<div class=\"panel-body\" data-product-scroll=\"\">\n<div class=\"feature-information\">\n<div class=\"product-feature\">\n<div class=\"product-bg-container\">\n<h1>Bota Herreros De Seguridad Confort 820 201-94-4<\/h1>\n<p>Bota Herreros Confort<\/p>\n<p><strong>CARACTER\u00cdSTICAS DEL CALZADO<\/strong><\/p>\n<p>Botines de Seguridad Fabricadas en Poliuretano resistente a Hidrocarburos (R.H) y Dielectrica (D.E)<\/p>\n<p>Suela en Caucho Resistente a la Electricidad, Puntera en Fibra y Corte Elaborado en Cuero Mocas\u00edn,<\/p>\n<p>Cuero Semigraso 1.8 \u2013 2.0 + Plantilla Elaborada en EVA de 2mm Bondeada con Tela Poliester.<\/p>\n<p><b>GARANT\u00cdA<\/b>: 2 (Dos) Meses<\/p>\n<h2>Bota Herreros De Seguridad Confort 820 201-94-4<\/h2>\n<h3><span style=\"color: #ff0000;\"><b>DESCUENTOS PARA VENTAS AL POR MAYOR<\/b><\/span><\/h3>\n<\/div>\n<\/div>\n<\/div>\n<\/div>\n<\/div>\n<\/div>\n<\/div>\n<\/div>\n<\/div>\n<\/div>\n<div class=\"vtex-flex-layout-0-x-flexColChild pb0\">\n<div class=\"panel-body\" data-product-scroll=\"\">\n<div class=\"feature-information\">\n<div class=\"product-feature\">\n<div class=\"product-bg-container\">\n<h2>Nuestra Historia<\/h2>\n<p><span data-contrast=\"auto\">Nuestra gran variedad de productos incluye Botas Industriales de seguridad con puntera o sin puntera, Botas Pl\u00e1sticas o en PVC con<\/span><span data-contrast=\"auto\">\u00a0puntera o sin puntera, Calzado Institucional de Hombre y de Dama, Colegiales de todas las gamas y precios, Calzado Ejecutivo, Calzado de Moda para adultos y ni\u00f1os de las marcas Croydon, Kondor, Oversize, Venus, Bubble Gummers, Verlon, Los Gomosos, Chernandez entre otras. Con este Gran surtido y manejando los mejores precios del mercado estamos dando la mejor atenci\u00f3n a todo nuestro p\u00fablico brind\u00e1ndoles el mejor servicio y satisfaciendo las necesidades del mercado Regional.<\/span><\/p>\n<p><span data-contrast=\"auto\">Nuestro Prop\u00f3sito como Empresa es Brindar a nuestros clientes Empresariales y P\u00fablico en General las mejores opciones de mercado. Con esto fidelizarlos y de esta manera que tengan como primera Opci\u00f3n nuestras tiendas.<\/span><\/p>\n<p><span data-contrast=\"auto\">Zapatos &amp; Zapatos Fundada por Carlos Alberto Hern\u00e1ndez Chaves con m\u00e1s de 40 a\u00f1os de experiencia, trae al mercado Vallecaucano principalmente en la Ciudad de Cali, Las mejores marcas nacionales de calzado. Con esto promoviendo el mercado nacional Logra impulsar este negocio haciendo estudio de mercado y reconocimiento de marcas. llegando a generarles reconocimiento en la Regi\u00f3n.<\/span><\/p>\n<p><span data-contrast=\"auto\">D\u00e1ndole manejo continuo a estas marcas ha logrado traer a la regi\u00f3n productos de la industria del calzado para el P\u00fablico en General, Empresas e Industrias. productos que con la mano de obra colombiana sabemos que son de excelente calidad y precio.<\/span><\/p>\n<p>Estamos ubicados en San Nicolas en la ciudad de Cali, Valle del Cauca.<\/p>\n<p>Nuestro maravilloso equipo humano nos define. m\u00e1s que colaboradores, somos familia que ha logrado crecer de la mano y alinear sus intereses a los de la empresa poni\u00e9ndole el alma a su labor.<\/p>\n<h4><strong>Tambien Recomendamos Visitar:<\/strong><\/h4>\n<\/div>\n<p><a href=\"https:\/\/zapatosyzapatos.com\/index.php\/categoria-producto\/marcas\/herreros\/\" target=\"_blank\" rel=\"noopener\"><img decoding=\"async\" class=\"alignnone wp-image-3103 size-medium\" src=\"https:\/\/zapatosyzapatos.com\/wp-content\/uploads\/2023\/03\/HERREROS-LOGO-BLACK-300x126.png\" alt=\"\" width=\"300\" height=\"126\" srcset=\"https:\/\/zapatosyzapatos.com\/wp-content\/uploads\/2023\/03\/HERREROS-LOGO-BLACK-300x126.png 300w, https:\/\/zapatosyzapatos.com\/wp-content\/uploads\/2023\/03\/HERREROS-LOGO-BLACK-64x27.png 64w, https:\/\/zapatosyzapatos.com\/wp-content\/uploads\/2023\/03\/HERREROS-LOGO-BLACK.png 361w\" sizes=\"(max-width: 300px) 100vw, 300px\" \/><\/a><\/p>\n<h4><\/h4>\n<\/div>\n<\/div>\n<\/div>\n<\/div>\n","protected":false},"excerpt":{"rendered":"<h4><a href=\"https:\/\/zapatosyzapatos.com\/index.php\/categoria-producto\/marcas\/herreros\/\" target=\"_blank\" rel=\"noopener\"><img decoding=\"async\" class=\"alignnone wp-image-3103 size-medium\" src=\"https:\/\/zapatosyzapatos.com\/wp-content\/uploads\/2023\/03\/HERREROS-LOGO-BLACK-300x126.png\" alt=\"\" width=\"300\" height=\"126\" srcset=\"https:\/\/zapatosyzapatos.com\/wp-content\/uploads\/2023\/03\/HERREROS-LOGO-BLACK-300x126.png 300w, https:\/\/zapatosyzapatos.com\/wp-content\/uploads\/2023\/03\/HERREROS-LOGO-BLACK-64x27.png 64w, https:\/\/zapatosyzapatos.com\/wp-content\/uploads\/2023\/03\/HERREROS-LOGO-BLACK.png 361w\" sizes=\"(max-width: 300px) 100vw, 300px\" \/><\/a><\/h4>\n<p><a href=\"https:\/\/api.whatsapp.com\/send\/?phone=573043815212&amp;text=Quiero+realizar+una+cotizaci%C3%B3n&amp;app_absent=0\" target=\"_blank\" rel=\"noopener\"><img decoding=\"async\" class=\"alignnone wp-image-252 size-medium\" style=\"font-weight: inherit;\" src=\"https:\/\/zapatosyzapatos.com\/wp-content\/uploads\/2023\/02\/Boton_Escribenos_ZapatosyZapatos-300x61.png\" alt=\"\" width=\"300\" height=\"61\" srcset=\"https:\/\/zapatosyzapatos.com\/wp-content\/uploads\/2023\/02\/Boton_Escribenos_ZapatosyZapatos-300x61.png 300w, https:\/\/zapatosyzapatos.com\/wp-content\/uploads\/2023\/02\/Boton_Escribenos_ZapatosyZapatos-600x121.png 600w, https:\/\/zapatosyzapatos.com\/wp-content\/uploads\/2023\/02\/Boton_Escribenos_ZapatosyZapatos-64x13.png 64w, https:\/\/zapatosyzapatos.com\/wp-content\/uploads\/2023\/02\/Boton_Escribenos_ZapatosyZapatos-768x155.png 768w, https:\/\/zapatosyzapatos.com\/wp-content\/uploads\/2023\/02\/Boton_Escribenos_ZapatosyZapatos.png 990w\" sizes=\"(max-width: 300px) 100vw, 300px\" \/><\/a><span style=\"font-size: 16px;\">\u00a0 \u00a0<\/span><\/p>\n<p><a href=\"https:\/\/zapatosyzapatos.com\/wp-content\/uploads\/2023\/03\/Copia-de-FICHA-TECNICA-INDUSTRIAL-CUERO-DANGER-PRO.pdf\" target=\"_blank\" rel=\"noopener\"><img decoding=\"async\" class=\"alignnone wp-image-253 size-medium\" style=\"font-weight: inherit;\" src=\"https:\/\/zapatosyzapatos.com\/wp-content\/uploads\/2023\/02\/Boton_Ficha_Tecnica_ZapatosyZapatos-300x40.png\" alt=\"\" width=\"300\" height=\"40\" srcset=\"https:\/\/zapatosyzapatos.com\/wp-content\/uploads\/2023\/02\/Boton_Ficha_Tecnica_ZapatosyZapatos-300x40.png 300w, https:\/\/zapatosyzapatos.com\/wp-content\/uploads\/2023\/02\/Boton_Ficha_Tecnica_ZapatosyZapatos-600x79.png 600w, https:\/\/zapatosyzapatos.com\/wp-content\/uploads\/2023\/02\/Boton_Ficha_Tecnica_ZapatosyZapatos-64x8.png 64w, https:\/\/zapatosyzapatos.com\/wp-content\/uploads\/2023\/02\/Boton_Ficha_Tecnica_ZapatosyZapatos-768x101.png 768w, https:\/\/zapatosyzapatos.com\/wp-content\/uploads\/2023\/02\/Boton_Ficha_Tecnica_ZapatosyZapatos.png 993w\" sizes=\"(max-width: 300px) 100vw, 300px\" \/><\/a><\/p>\n<p><a href=\"https:\/\/api.whatsapp.com\/send\/?phone=573043815212&amp;text=Quiero+realizar+una+cotizaci%C3%B3n&amp;app_absent=0\" target=\"_blank\" rel=\"noopener\"><img loading=\"lazy\" decoding=\"async\" class=\"alignnone wp-image-254 size-medium\" src=\"https:\/\/zapatosyzapatos.com\/wp-content\/uploads\/2023\/02\/Ventas_X_Mayor_3_ZapatosyZapatos-300x160.png\" alt=\"\" width=\"300\" height=\"160\" srcset=\"https:\/\/zapatosyzapatos.com\/wp-content\/uploads\/2023\/02\/Ventas_X_Mayor_3_ZapatosyZapatos-300x160.png 300w, https:\/\/zapatosyzapatos.com\/wp-content\/uploads\/2023\/02\/Ventas_X_Mayor_3_ZapatosyZapatos-600x320.png 600w, https:\/\/zapatosyzapatos.com\/wp-content\/uploads\/2023\/02\/Ventas_X_Mayor_3_ZapatosyZapatos-64x34.png 64w, https:\/\/zapatosyzapatos.com\/wp-content\/uploads\/2023\/02\/Ventas_X_Mayor_3_ZapatosyZapatos.png 750w\" sizes=\"(max-width: 300px) 100vw, 300px\" \/><\/a><\/p>\n","protected":false},"featured_media":9040,"template":"","meta":{"_monsterinsights_skip_tracking":false,"_monsterinsights_sitenote_active":false,"_monsterinsights_sitenote_note":"","_monsterinsights_sitenote_category":0,"site-sidebar-layout":"default","site-content-layout":"default","ast-site-content-layout":"default","site-content-style":"default","site-sidebar-style":"default","ast-global-header-display":"","ast-banner-title-visibility":"","ast-main-header-display":"","ast-hfb-above-header-display":"","ast-hfb-below-header-display":"","ast-hfb-mobile-header-display":"","site-post-title":"","ast-breadcrumbs-content":"","ast-featured-img":"","footer-sml-layout":"","theme-transparent-header-meta":"default","adv-header-id-meta":"","stick-header-meta":"","header-above-stick-meta":"","header-main-stick-meta":"","header-below-stick-meta":"","astra-migrate-meta-layouts":"default","ast-page-background-enabled":"default","ast-page-background-meta":{"desktop":{"background-color":"var(--ast-global-color-4)","background-image":"","background-repeat":"repeat","background-position":"center center","background-size":"auto","background-attachment":"scroll","background-type":"","background-media":"","overlay-type":"","overlay-color":"","overlay-opacity":"","overlay-gradient":""},"tablet":{"background-color":"","background-image":"","background-repeat":"repeat","background-position":"center center","background-size":"auto","background-attachment":"scroll","background-type":"","background-media":"","overlay-type":"","overlay-color":"","overlay-opacity":"","overlay-gradient":""},"mobile":{"background-color":"","background-image":"","background-repeat":"repeat","background-position":"center center","background-size":"auto","background-attachment":"scroll","background-type":"","background-media":"","overlay-type":"","overlay-color":"","overlay-opacity":"","overlay-gradient":""}},"ast-content-background-meta":{"desktop":{"background-color":"var(--ast-global-color-5)","background-image":"","background-repeat":"repeat","background-position":"center center","background-size":"auto","background-attachment":"scroll","background-type":"","background-media":"","overlay-type":"","overlay-color":"","overlay-opacity":"","overlay-gradient":""},"tablet":{"background-color":"var(--ast-global-color-5)","background-image":"","background-repeat":"repeat","background-position":"center center","background-size":"auto","background-attachment":"scroll","background-type":"","background-media":"","overlay-type":"","overlay-color":"","overlay-opacity":"","overlay-gradient":""},"mobile":{"background-color":"var(--ast-global-color-5)","background-image":"","background-repeat":"repeat","background-position":"center center","background-size":"auto","background-attachment":"scroll","background-type":"","background-media":"","overlay-type":"","overlay-color":"","overlay-opacity":"","overlay-gradient":""}}},"product_brand":[],"product_cat":[54,55,59,62,26,37],"product_tag":[],"class_list":{"0":"post-9038","1":"product","2":"type-product","3":"status-publish","4":"has-post-thumbnail","6":"product_cat-categorias","7":"product_cat-calzado-industrial","8":"product_cat-botas-cuero-micro-piel","9":"product_cat-botas-cuero-con-puntera","10":"product_cat-marcas","11":"product_cat-herreros","12":"desktop-align-left","13":"tablet-align-left","14":"mobile-align-left","16":"first","17":"instock","18":"taxable","19":"shipping-taxable","20":"purchasable","21":"product-type-variable"},"aioseo_notices":[],"_links":{"self":[{"href":"https:\/\/zapatosyzapatos.com\/index.php\/wp-json\/wp\/v2\/product\/9038","targetHints":{"allow":["GET"]}}],"collection":[{"href":"https:\/\/zapatosyzapatos.com\/index.php\/wp-json\/wp\/v2\/product"}],"about":[{"href":"https:\/\/zapatosyzapatos.com\/index.php\/wp-json\/wp\/v2\/types\/product"}],"wp:featuredmedia":[{"embeddable":true,"href":"https:\/\/zapatosyzapatos.com\/index.php\/wp-json\/wp\/v2\/media\/9040"}],"wp:attachment":[{"href":"https:\/\/zapatosyzapatos.com\/index.php\/wp-json\/wp\/v2\/media?parent=9038"}],"wp:term":[{"taxonomy":"product_brand","embeddable":true,"href":"https:\/\/zapatosyzapatos.com\/index.php\/wp-json\/wp\/v2\/product_brand?post=9038"},{"taxonomy":"product_cat","embeddable":true,"href":"https:\/\/zapatosyzapatos.com\/index.php\/wp-json\/wp\/v2\/product_cat?post=9038"},{"taxonomy":"product_tag","embeddable":true,"href":"https:\/\/zapatosyzapatos.com\/index.php\/wp-json\/wp\/v2\/product_tag?post=9038"}],"curies":[{"name":"wp","href":"https:\/\/api.w.org\/{rel}","templated":true}]}}