{"id":8882,"date":"2023-04-28T08:41:38","date_gmt":"2023-04-28T13:41:38","guid":{"rendered":"https:\/\/zapatosyzapatos.com\/?post_type=product&#038;p=8882"},"modified":"2023-06-08T14:56:19","modified_gmt":"2023-06-08T19:56:19","slug":"sueco-perseverans-institucional-antideslizante-222-24-27","status":"publish","type":"product","link":"https:\/\/zapatosyzapatos.com\/index.php\/producto\/sueco-perseverans-institucional-antideslizante-222-24-27\/","title":{"rendered":"Sueco Perseverans institucional antideslizante 222-24-27"},"content":{"rendered":"<div class=\"vtex-flex-layout-0-x-flexColChild pb0\">\n<div class=\"panel-body\" data-product-scroll=\"\">\n<div class=\"feature-information\">\n<div class=\"product-feature\">\n<div class=\"product-bg-container\">\n<div class=\"vtex-flex-layout-0-x-flexColChild pb0\">\n<div class=\"panel-body\" data-product-scroll=\"\">\n<div class=\"feature-information\">\n<div class=\"product-feature\">\n<div class=\"product-bg-container\">\n<div class=\"panel-body\" data-product-scroll=\"\">\n<div class=\"feature-information\">\n<div class=\"product-feature\">\n<div class=\"product-bg-container\">\n<div class=\"vtex-flex-layout-0-x-flexRow vtex-flex-layout-0-x-flexRow--productSpecificationGroup\">\n<div class=\"flex mt0 mb0 pt0 pb0 justify-start vtex-flex-layout-0-x-flexRowContent vtex-flex-layout-0-x-flexRowContent--productSpecificationGroup items-stretch w-100\">\n<div class=\"pr0 items-stretch vtex-flex-layout-0-x-stretchChildrenWidth flex\">\n<div class=\"vtex-flex-layout-0-x-flexCol ml0 mr0 pl0 pr0 flex flex-column h-100 w-100\">\n<div class=\"vtex-flex-layout-0-x-flexColChild pb0\">\n<div class=\"panel-body\" data-product-scroll=\"\">\n<div class=\"feature-information\">\n<div class=\"product-feature\">\n<div class=\"product-bg-container\">\n<div class=\"panel-body\" data-product-scroll=\"\">\n<div class=\"feature-information\">\n<div class=\"product-feature\">\n<div class=\"product-bg-container\">\n<h2>Sueco Perseverans institucional antideslizante 222-24-27<\/h2>\n<p><span style=\"color: #999999;\">Sueco Perseverans institucional antideslizante<\/span><\/p>\n<p>Calzado Bidensidad en Poliuretano, tipo Full PU, con inyecci\u00f3n espec\u00edfica en la huella que optimiza la capacidad Antideslizante del dise\u00f1o en condiciones h\u00famendas y la Resistencia al Desgaste del zapato en suelos abrasivos; e inyecci\u00f3n en la parte superior que aumenta el confort (Ergon\u00f3mico) y Absorci\u00f3n de Impacto para proteger la salud del usuario.<br \/>\nElaborado con material Resistente a Hidrocarburos lo que le permite un buen desempe\u00f1o y durabilidad en ambientes donde son usados solventes y limpiadores; igualmente por la naturaleza del material ofrece protecci\u00f3n contra el riesgo el\u00e9ctrico (Calzado Diel\u00e9ctrico) con propiedad disipativa de cargas est\u00e1ticas (Antiest\u00e1tico)<\/p>\n<p><b>GARANT\u00cdA<\/b>: 2 (DOS) MESES<\/p>\n<h2>Sueco Perseverans institucional antideslizante 222-24-27<\/h2>\n<h2><b style=\"color: #ff0000; font-size: 24px; font-style: inherit;\">DESCUENTOS PARA VENTAS AL POR MAYO<\/b><b style=\"color: #ff0000; font-size: 24px; font-style: inherit;\">R<\/b><\/h2>\n<\/div>\n<\/div>\n<\/div>\n<\/div>\n<\/div>\n<\/div>\n<\/div>\n<\/div>\n<\/div>\n<\/div>\n<\/div>\n<\/div>\n<\/div>\n<\/div>\n<\/div>\n<\/div>\n<\/div>\n<\/div>\n<\/div>\n<\/div>\n<\/div>\n<\/div>\n<\/div>\n<\/div>\n<\/div>\n<\/div>\n<\/div>\n<div class=\"vtex-flex-layout-0-x-flexColChild pb0\">\n<div class=\"panel-body\" data-product-scroll=\"\">\n<div class=\"feature-information\">\n<div class=\"product-feature\">\n<div class=\"product-bg-container\">\n<h2>Nuestra Historia<\/h2>\n<p><span data-contrast=\"auto\">Nuestra gran variedad de productos incluye Botas Industriales de seguridad con puntera o sin puntera, Botas Pl\u00e1sticas o en PVC con<\/span><span data-contrast=\"auto\">\u00a0puntera o sin puntera, Calzado Institucional de Hombre y de Dama, Colegiales de todas las gamas y precios, Calzado Ejecutivo, Calzado de Moda para adultos y ni\u00f1os de las marcas Croydon, Kondor, Oversize, Venus, Bubble Gummers, Verlon, Los Gomosos, Chernandez entre otras. Con este Gran surtido y manejando los mejores precios del mercado estamos dando la mejor atenci\u00f3n a todo nuestro p\u00fablico brind\u00e1ndoles el mejor servicio y satisfaciendo las necesidades del mercado Regional.<\/span><\/p>\n<p><span data-contrast=\"auto\">Nuestro Prop\u00f3sito como Empresa es Brindar a nuestros clientes Empresariales y P\u00fablico en General las mejores opciones de mercado. Con esto fidelizarlos y de esta manera que tengan como primera Opci\u00f3n nuestras tiendas.<\/span><\/p>\n<p><span data-contrast=\"auto\">Zapatos &amp; Zapatos Fundada por Carlos Alberto Hern\u00e1ndez Chaves con m\u00e1s de 40 a\u00f1os de experiencia, trae al mercado Vallecaucano principalmente en la Ciudad de Cali, Las mejores marcas nacionales de calzado. Con esto promoviendo el mercado nacional Logra impulsar este negocio haciendo estudio de mercado y reconocimiento de marcas. llegando a generarles reconocimiento en la Regi\u00f3n.<\/span><\/p>\n<p><span data-contrast=\"auto\">D\u00e1ndole manejo continuo a estas marcas ha logrado traer a la regi\u00f3n productos de la industria del calzado para el P\u00fablico en General, Empresas e Industrias. productos que con la mano de obra colombiana sabemos que son de excelente calidad y precio.<\/span><\/p>\n<p>Estamos ubicados en San Nicolas en la ciudad de Cali, Valle del Cauca.<\/p>\n<p>Nuestro maravilloso equipo humano nos define. m\u00e1s que colaboradores, somos familia que ha logrado crecer de la mano y alinear sus intereses a los de la empresa poni\u00e9ndole el alma a su labor.<\/p>\n<h4><strong>Tambien Recomendamos Visitar:<\/strong><\/h4>\n<\/div>\n<h4><a href=\"https:\/\/zapatosyzapatos.com\/index.php\/categoria-producto\/marcas\/epheta\/\" target=\"_blank\" rel=\"noopener\"><img decoding=\"async\" class=\"alignnone wp-image-8731 size-medium\" src=\"https:\/\/zapatosyzapatos.com\/wp-content\/uploads\/2023\/04\/Logo-Epheta-300x104.jpg\" alt=\"\" width=\"300\" height=\"104\" srcset=\"https:\/\/zapatosyzapatos.com\/wp-content\/uploads\/2023\/04\/Logo-Epheta-300x104.jpg 300w, https:\/\/zapatosyzapatos.com\/wp-content\/uploads\/2023\/04\/Logo-Epheta-64x22.jpg 64w, https:\/\/zapatosyzapatos.com\/wp-content\/uploads\/2023\/04\/Logo-Epheta.jpg 566w\" sizes=\"(max-width: 300px) 100vw, 300px\" \/><\/a><\/h4>\n<\/div>\n<\/div>\n<\/div>\n<\/div>\n","protected":false},"excerpt":{"rendered":"<h4><a style=\"font-size: 1.3em; font-weight: bold; background-color: #ffffff;\" href=\"https:\/\/zapatosyzapatos.com\/index.php\/categoria-producto\/marcas\/epheta\/\" target=\"_blank\" rel=\"noopener\"><img decoding=\"async\" class=\"alignnone wp-image-8731 size-medium\" src=\"https:\/\/zapatosyzapatos.com\/wp-content\/uploads\/2023\/04\/Logo-Epheta-300x104.jpg\" alt=\"\" width=\"300\" height=\"104\" srcset=\"https:\/\/zapatosyzapatos.com\/wp-content\/uploads\/2023\/04\/Logo-Epheta-300x104.jpg 300w, https:\/\/zapatosyzapatos.com\/wp-content\/uploads\/2023\/04\/Logo-Epheta-64x22.jpg 64w, https:\/\/zapatosyzapatos.com\/wp-content\/uploads\/2023\/04\/Logo-Epheta.jpg 566w\" sizes=\"(max-width: 300px) 100vw, 300px\" \/><\/a><\/h4>\n<p><a href=\"https:\/\/api.whatsapp.com\/send\/?phone=573043815212&amp;text=Quiero+realizar+una+cotizaci%C3%B3n&amp;app_absent=0\" target=\"_blank\" rel=\"noopener\"><img decoding=\"async\" class=\"alignnone wp-image-252 size-medium\" style=\"font-weight: inherit;\" src=\"https:\/\/zapatosyzapatos.com\/wp-content\/uploads\/2023\/02\/Boton_Escribenos_ZapatosyZapatos-300x61.png\" alt=\"\" width=\"300\" height=\"61\" srcset=\"https:\/\/zapatosyzapatos.com\/wp-content\/uploads\/2023\/02\/Boton_Escribenos_ZapatosyZapatos-300x61.png 300w, https:\/\/zapatosyzapatos.com\/wp-content\/uploads\/2023\/02\/Boton_Escribenos_ZapatosyZapatos-600x121.png 600w, https:\/\/zapatosyzapatos.com\/wp-content\/uploads\/2023\/02\/Boton_Escribenos_ZapatosyZapatos-64x13.png 64w, https:\/\/zapatosyzapatos.com\/wp-content\/uploads\/2023\/02\/Boton_Escribenos_ZapatosyZapatos-768x155.png 768w, https:\/\/zapatosyzapatos.com\/wp-content\/uploads\/2023\/02\/Boton_Escribenos_ZapatosyZapatos.png 990w\" sizes=\"(max-width: 300px) 100vw, 300px\" \/><\/a><span style=\"font-size: 16px;\">\u00a0 \u00a0<\/span><\/p>\n<p><a href=\"https:\/\/zapatosyzapatos.com\/wp-content\/uploads\/2023\/04\/FichaTecnica_Sueco_Institucional_Moments_Antideslizante_Negro_Calzaunico.pdf\" target=\"_blank\" rel=\"noopener\"><img decoding=\"async\" class=\"alignnone wp-image-253 size-medium\" style=\"font-weight: inherit;\" src=\"https:\/\/zapatosyzapatos.com\/wp-content\/uploads\/2023\/02\/Boton_Ficha_Tecnica_ZapatosyZapatos-300x40.png\" alt=\"\" width=\"300\" height=\"40\" srcset=\"https:\/\/zapatosyzapatos.com\/wp-content\/uploads\/2023\/02\/Boton_Ficha_Tecnica_ZapatosyZapatos-300x40.png 300w, https:\/\/zapatosyzapatos.com\/wp-content\/uploads\/2023\/02\/Boton_Ficha_Tecnica_ZapatosyZapatos-600x79.png 600w, https:\/\/zapatosyzapatos.com\/wp-content\/uploads\/2023\/02\/Boton_Ficha_Tecnica_ZapatosyZapatos-64x8.png 64w, https:\/\/zapatosyzapatos.com\/wp-content\/uploads\/2023\/02\/Boton_Ficha_Tecnica_ZapatosyZapatos-768x101.png 768w, https:\/\/zapatosyzapatos.com\/wp-content\/uploads\/2023\/02\/Boton_Ficha_Tecnica_ZapatosyZapatos.png 993w\" sizes=\"(max-width: 300px) 100vw, 300px\" \/><\/a><\/p>\n<p><a href=\"https:\/\/api.whatsapp.com\/send\/?phone=573043815212&amp;text=Quiero+realizar+una+cotizaci%C3%B3n&amp;app_absent=0\" target=\"_blank\" rel=\"noopener\"><img loading=\"lazy\" decoding=\"async\" class=\"alignnone wp-image-254 size-medium\" src=\"https:\/\/zapatosyzapatos.com\/wp-content\/uploads\/2023\/02\/Ventas_X_Mayor_3_ZapatosyZapatos-300x160.png\" alt=\"\" width=\"300\" height=\"160\" srcset=\"https:\/\/zapatosyzapatos.com\/wp-content\/uploads\/2023\/02\/Ventas_X_Mayor_3_ZapatosyZapatos-300x160.png 300w, https:\/\/zapatosyzapatos.com\/wp-content\/uploads\/2023\/02\/Ventas_X_Mayor_3_ZapatosyZapatos-600x320.png 600w, https:\/\/zapatosyzapatos.com\/wp-content\/uploads\/2023\/02\/Ventas_X_Mayor_3_ZapatosyZapatos-64x34.png 64w, https:\/\/zapatosyzapatos.com\/wp-content\/uploads\/2023\/02\/Ventas_X_Mayor_3_ZapatosyZapatos.png 750w\" sizes=\"(max-width: 300px) 100vw, 300px\" \/><\/a><\/p>\n","protected":false},"featured_media":9383,"template":"","meta":{"_monsterinsights_skip_tracking":false,"_monsterinsights_sitenote_active":false,"_monsterinsights_sitenote_note":"","_monsterinsights_sitenote_category":0,"site-sidebar-layout":"default","site-content-layout":"default","ast-site-content-layout":"default","site-content-style":"default","site-sidebar-style":"default","ast-global-header-display":"","ast-banner-title-visibility":"","ast-main-header-display":"","ast-hfb-above-header-display":"","ast-hfb-below-header-display":"","ast-hfb-mobile-header-display":"","site-post-title":"","ast-breadcrumbs-content":"","ast-featured-img":"","footer-sml-layout":"","theme-transparent-header-meta":"default","adv-header-id-meta":"","stick-header-meta":"","header-above-stick-meta":"","header-main-stick-meta":"","header-below-stick-meta":"","astra-migrate-meta-layouts":"default","ast-page-background-enabled":"default","ast-page-background-meta":{"desktop":{"background-color":"var(--ast-global-color-4)","background-image":"","background-repeat":"repeat","background-position":"center center","background-size":"auto","background-attachment":"scroll","background-type":"","background-media":"","overlay-type":"","overlay-color":"","overlay-opacity":"","overlay-gradient":""},"tablet":{"background-color":"","background-image":"","background-repeat":"repeat","background-position":"center center","background-size":"auto","background-attachment":"scroll","background-type":"","background-media":"","overlay-type":"","overlay-color":"","overlay-opacity":"","overlay-gradient":""},"mobile":{"background-color":"","background-image":"","background-repeat":"repeat","background-position":"center center","background-size":"auto","background-attachment":"scroll","background-type":"","background-media":"","overlay-type":"","overlay-color":"","overlay-opacity":"","overlay-gradient":""}},"ast-content-background-meta":{"desktop":{"background-color":"var(--ast-global-color-5)","background-image":"","background-repeat":"repeat","background-position":"center center","background-size":"auto","background-attachment":"scroll","background-type":"","background-media":"","overlay-type":"","overlay-color":"","overlay-opacity":"","overlay-gradient":""},"tablet":{"background-color":"var(--ast-global-color-5)","background-image":"","background-repeat":"repeat","background-position":"center center","background-size":"auto","background-attachment":"scroll","background-type":"","background-media":"","overlay-type":"","overlay-color":"","overlay-opacity":"","overlay-gradient":""},"mobile":{"background-color":"var(--ast-global-color-5)","background-image":"","background-repeat":"repeat","background-position":"center center","background-size":"auto","background-attachment":"scroll","background-type":"","background-media":"","overlay-type":"","overlay-color":"","overlay-opacity":"","overlay-gradient":""}}},"product_brand":[],"product_cat":[163,54,66,26],"product_tag":[],"class_list":{"0":"post-8882","1":"product","2":"type-product","3":"status-publish","4":"has-post-thumbnail","6":"product_cat-epheta","7":"product_cat-categorias","8":"product_cat-calzado-institucional","9":"product_cat-marcas","10":"desktop-align-left","11":"tablet-align-left","12":"mobile-align-left","14":"first","15":"instock","16":"taxable","17":"shipping-taxable","18":"purchasable","19":"product-type-variable"},"aioseo_notices":[],"_links":{"self":[{"href":"https:\/\/zapatosyzapatos.com\/index.php\/wp-json\/wp\/v2\/product\/8882","targetHints":{"allow":["GET"]}}],"collection":[{"href":"https:\/\/zapatosyzapatos.com\/index.php\/wp-json\/wp\/v2\/product"}],"about":[{"href":"https:\/\/zapatosyzapatos.com\/index.php\/wp-json\/wp\/v2\/types\/product"}],"wp:featuredmedia":[{"embeddable":true,"href":"https:\/\/zapatosyzapatos.com\/index.php\/wp-json\/wp\/v2\/media\/9383"}],"wp:attachment":[{"href":"https:\/\/zapatosyzapatos.com\/index.php\/wp-json\/wp\/v2\/media?parent=8882"}],"wp:term":[{"taxonomy":"product_brand","embeddable":true,"href":"https:\/\/zapatosyzapatos.com\/index.php\/wp-json\/wp\/v2\/product_brand?post=8882"},{"taxonomy":"product_cat","embeddable":true,"href":"https:\/\/zapatosyzapatos.com\/index.php\/wp-json\/wp\/v2\/product_cat?post=8882"},{"taxonomy":"product_tag","embeddable":true,"href":"https:\/\/zapatosyzapatos.com\/index.php\/wp-json\/wp\/v2\/product_tag?post=8882"}],"curies":[{"name":"wp","href":"https:\/\/api.w.org\/{rel}","templated":true}]}}