{"id":884,"date":"2023-02-20T15:26:38","date_gmt":"2023-02-20T20:26:38","guid":{"rendered":"https:\/\/zapatosyzapatos.com\/?post_type=product&#038;p=884"},"modified":"2023-05-19T19:29:36","modified_gmt":"2023-05-20T00:29:36","slug":"bota-croydon-workman-super","status":"publish","type":"product","link":"https:\/\/zapatosyzapatos.com\/index.php\/producto\/bota-croydon-workman-super\/","title":{"rendered":"Bota Croydon Workman Super Safety Waterproof Negra 202-72-7"},"content":{"rendered":"<h1>Bota Croydon Workman Super Safety Waterproof Negra<\/h1>\n<p>Bota Croydon Workman Super<\/p>\n<p><strong>CARACTER\u00cdSTICAS DEL CALZADO<\/strong><\/p>\n<p><strong>COLOR:<\/strong>\u00a0Ca\u00f1a negra con suela crep\u00e9.<br \/>\n<strong>FORRO INTERNO:<\/strong>\u00a0100% poli\u00e9ster tejido rizo.<br \/>\n<strong>PLANTILLA CONFORT:<\/strong>\u00a0Extra\u00edble, fabricada en poliuretano (PU), la cual tiene surcos de ventilaci\u00f3n, que ayudan a mantener fresco y seco el pie, al ser removible, facilita su limpieza, proporcionando m\u00e1s higiene al calzado, su dise\u00f1o anat\u00f3mico brinda mayor confort al caminar.<br \/>\n<strong>CAMBRI\u00d3N:<\/strong>\u00a0Puente estabilizador para el \u00e1rea del pie\u00a0que brinda mayor confort al caminar.<br \/>\n<strong>PUNTERA:<\/strong>\u00a0Fabricada en acero, cumple con la resistencia al impacto de 101.7 J. y resiste una fuerza de compresi\u00f3n de 11.121 N. o 2.500lbf seg\u00fan la norma ASTM F2413-18.<br \/>\n<strong>ENTRESUELA:<\/strong>\u00a0Entresuela de acero, resiste una fuerza de punci\u00f3n m\u00e1xima de 1.100 N. o 270 lbf seg\u00fan norma ASTM F2413-17.<br \/>\n<strong>SUELA:<\/strong>\u00a0Labrado que proporciona un mejor agarre\u00a0en las diferentes zonas de trabajo a los que est\u00e1\u00a0expuesta y su dise\u00f1o facilita la remoci\u00f3n de residuos.\u00a0Resistencia al deslizamiento con un resultado de 0,72\u00a0en seco y 0,56 en h\u00famedo seg\u00fan la norma ASTM\u00a0F1677-05.<br \/>\n<strong>PROCESO:<\/strong>\u00a0Empeine, punta y tal\u00f3n reforzados con mayor calibre de PVC, para un mejor desempe\u00f1o.<br \/>\n<strong>REFERENCIAL T\u00c9CNICO:<\/strong>\u00a0ASTM F2413-18 M I \/ 75 C \/ 75 EH PR.<br \/>\n<strong>PESO \/ TALLA PROMEDIO:<\/strong>\u00a02.348 gr \/ 41.<br \/>\n<strong>ALTURA INTERNA:<\/strong>\u00a012\u2033 \/ 31 cm.<br \/>\n<strong>TALLA USA:<\/strong>\u00a03 \u2013 14.<br \/>\n<strong>TALLA FRA:<\/strong>\u00a035 \u2013 46.<br \/>\n<strong>PRODUCCI\u00d3N M\u00cdNIMA DE PARES:<\/strong>\u00a0Sin restricci\u00f3n.<\/p>\n<p><b>GARANT\u00cdA<\/b>: 2 (DOS) MESES.<\/p>\n<h3><b>DESCUENTOS PARA VENTAS AL POR MAYOR<\/b><\/h3>\n<h2>Bota Croydon Workman Super<\/h2>\n<p><a href=\"https:\/\/zapatosyzapatos.com\/index.php\/categoria-producto\/marcas\/croydon\/\" target=\"_blank\" rel=\"noopener\"><img fetchpriority=\"high\" decoding=\"async\" class=\"alignnone wp-image-898 size-medium\" src=\"https:\/\/zapatosyzapatos.com\/wp-content\/uploads\/2023\/02\/croydon-300x167.jpg\" alt=\"\" width=\"300\" height=\"167\" srcset=\"https:\/\/zapatosyzapatos.com\/wp-content\/uploads\/2023\/02\/croydon-300x167.jpg 300w, https:\/\/zapatosyzapatos.com\/wp-content\/uploads\/2023\/02\/croydon-768x426.jpg 768w, https:\/\/zapatosyzapatos.com\/wp-content\/uploads\/2023\/02\/croydon-600x333.jpg 600w, https:\/\/zapatosyzapatos.com\/wp-content\/uploads\/2023\/02\/croydon-64x36.jpg 64w, https:\/\/zapatosyzapatos.com\/wp-content\/uploads\/2023\/02\/croydon.jpg 980w\" sizes=\"(max-width: 300px) 100vw, 300px\" \/><\/a><\/p>\n<h2>Bota Croydon Workman Super<\/h2>\n<h2>Nuestra Historia<\/h2>\n<p>Zapatos &amp; Zapatos Fundada por Carlos Alberto Hern\u00e1ndez Chaves con m\u00e1s de 40 a\u00f1os de experiencia,<\/p>\n<p>trae al mercado Vallecaucano principalmente en la Ciudad de Cali, Las mejores marcas nacionales de calzado.<\/p>\n<p>Con esto promoviendo el mercado nacional Logra impulsar este negocio haciendo estudio de mercado y reconocimiento de marcas.<\/p>\n<p>llegando as\u00ed a darles un reconocimiento en la regi\u00f3n.<\/p>\n<p>D\u00e1ndole manejo continuo a estas marcas ha logrado traer a la regi\u00f3n productos de primera necesidad para el Publico en General,<\/p>\n<p>Empresas e Industrias. productos que con la mano de obra colombiana sabemos que son de excelente calidad y precio.<\/p>\n<p>Nuestra gran variedad de productos incluye Botas Industriales de seguridad con puntera o sin puntera,<\/p>\n<p>Botas Pl\u00e1sticas o en PVC con puntera o sin puntera, Calzado Institucional de Hombre y de Dama, Colegiales de todas las gamas y precios,<\/p>\n<p>Calzado de Moda para adultos y ni\u00f1os de las marcas Croydon, Kondor, Oversize, Venus, Bubble Gummers, Verlon, Los Gomosos,<\/p>\n<p>Chernandez entre otras. Con este Gran surtido y manejando los mejores precios del mercado estamos dando la mejor atenci\u00f3n a todo nuestro p\u00fablico,<\/p>\n<p>brind\u00e1ndoles el mejor servicio y satisfaciendo las necesidades del mercado Regional.<\/p>\n<p>Nuestro Prop\u00f3sito como Empresa es Brindar a nuestros clientes Empresariales y P\u00fablico en General las mejores opciones de mercado.<\/p>\n<p>Con esto fidelizarlos y de esta manera que tengan como primera Opci\u00f3n nuestras tiendas Zapatos &amp; Zapatos<\/p>\n","protected":false},"excerpt":{"rendered":"<p><a href=\"https:\/\/zapatosyzapatos.com\/index.php\/categoria-producto\/marcas\/croydon\/\" target=\"_blank\" rel=\"noopener\"><img fetchpriority=\"high\" decoding=\"async\" class=\"alignnone wp-image-898 size-medium\" src=\"https:\/\/zapatosyzapatos.com\/wp-content\/uploads\/2023\/02\/croydon-300x167.jpg\" alt=\"\" width=\"300\" height=\"167\" srcset=\"https:\/\/zapatosyzapatos.com\/wp-content\/uploads\/2023\/02\/croydon-300x167.jpg 300w, https:\/\/zapatosyzapatos.com\/wp-content\/uploads\/2023\/02\/croydon-768x426.jpg 768w, https:\/\/zapatosyzapatos.com\/wp-content\/uploads\/2023\/02\/croydon-600x333.jpg 600w, https:\/\/zapatosyzapatos.com\/wp-content\/uploads\/2023\/02\/croydon-64x36.jpg 64w, https:\/\/zapatosyzapatos.com\/wp-content\/uploads\/2023\/02\/croydon.jpg 980w\" sizes=\"(max-width: 300px) 100vw, 300px\" \/><\/a><\/p>\n<p><img decoding=\"async\" class=\"alignnone size-medium wp-image-252\" src=\"https:\/\/zapatosyzapatos.com\/wp-content\/uploads\/2023\/02\/Boton_Escribenos_ZapatosyZapatos-300x61.png\" alt=\"\" width=\"300\" height=\"61\" srcset=\"https:\/\/zapatosyzapatos.com\/wp-content\/uploads\/2023\/02\/Boton_Escribenos_ZapatosyZapatos-300x61.png 300w, https:\/\/zapatosyzapatos.com\/wp-content\/uploads\/2023\/02\/Boton_Escribenos_ZapatosyZapatos-600x121.png 600w, https:\/\/zapatosyzapatos.com\/wp-content\/uploads\/2023\/02\/Boton_Escribenos_ZapatosyZapatos-64x13.png 64w, https:\/\/zapatosyzapatos.com\/wp-content\/uploads\/2023\/02\/Boton_Escribenos_ZapatosyZapatos-768x155.png 768w, https:\/\/zapatosyzapatos.com\/wp-content\/uploads\/2023\/02\/Boton_Escribenos_ZapatosyZapatos.png 990w\" sizes=\"(max-width: 300px) 100vw, 300px\" \/><\/p>\n<p><a href=\"https:\/\/zapatosyzapatos.com\/wp-content\/uploads\/2023\/02\/Bota-Croydon-Workman-Super-Safety-Waterproof-Negra-Calzaunico-1.pdf\" target=\"_blank\" rel=\"noopener\"><img decoding=\"async\" class=\"alignnone wp-image-253 size-medium\" src=\"https:\/\/zapatosyzapatos.com\/wp-content\/uploads\/2023\/02\/Boton_Ficha_Tecnica_ZapatosyZapatos-300x40.png\" alt=\"\" width=\"300\" height=\"40\" srcset=\"https:\/\/zapatosyzapatos.com\/wp-content\/uploads\/2023\/02\/Boton_Ficha_Tecnica_ZapatosyZapatos-300x40.png 300w, https:\/\/zapatosyzapatos.com\/wp-content\/uploads\/2023\/02\/Boton_Ficha_Tecnica_ZapatosyZapatos-600x79.png 600w, https:\/\/zapatosyzapatos.com\/wp-content\/uploads\/2023\/02\/Boton_Ficha_Tecnica_ZapatosyZapatos-64x8.png 64w, https:\/\/zapatosyzapatos.com\/wp-content\/uploads\/2023\/02\/Boton_Ficha_Tecnica_ZapatosyZapatos-768x101.png 768w, https:\/\/zapatosyzapatos.com\/wp-content\/uploads\/2023\/02\/Boton_Ficha_Tecnica_ZapatosyZapatos.png 993w\" sizes=\"(max-width: 300px) 100vw, 300px\" \/><\/a><\/p>\n<p><img loading=\"lazy\" decoding=\"async\" class=\"alignnone size-medium wp-image-254\" src=\"https:\/\/zapatosyzapatos.com\/wp-content\/uploads\/2023\/02\/Ventas_X_Mayor_3_ZapatosyZapatos-300x160.png\" alt=\"\" width=\"300\" height=\"160\" srcset=\"https:\/\/zapatosyzapatos.com\/wp-content\/uploads\/2023\/02\/Ventas_X_Mayor_3_ZapatosyZapatos-300x160.png 300w, https:\/\/zapatosyzapatos.com\/wp-content\/uploads\/2023\/02\/Ventas_X_Mayor_3_ZapatosyZapatos-600x320.png 600w, https:\/\/zapatosyzapatos.com\/wp-content\/uploads\/2023\/02\/Ventas_X_Mayor_3_ZapatosyZapatos-64x34.png 64w, https:\/\/zapatosyzapatos.com\/wp-content\/uploads\/2023\/02\/Ventas_X_Mayor_3_ZapatosyZapatos.png 750w\" sizes=\"(max-width: 300px) 100vw, 300px\" \/><\/p>\n<p>&nbsp;<\/p>\n","protected":false},"featured_media":899,"template":"","meta":{"_monsterinsights_skip_tracking":false,"_monsterinsights_sitenote_active":false,"_monsterinsights_sitenote_note":"","_monsterinsights_sitenote_category":0,"site-sidebar-layout":"default","site-content-layout":"default","ast-site-content-layout":"default","site-content-style":"default","site-sidebar-style":"default","ast-global-header-display":"","ast-banner-title-visibility":"","ast-main-header-display":"","ast-hfb-above-header-display":"","ast-hfb-below-header-display":"","ast-hfb-mobile-header-display":"","site-post-title":"","ast-breadcrumbs-content":"","ast-featured-img":"","footer-sml-layout":"","theme-transparent-header-meta":"default","adv-header-id-meta":"","stick-header-meta":"","header-above-stick-meta":"","header-main-stick-meta":"","header-below-stick-meta":"","astra-migrate-meta-layouts":"default","ast-page-background-enabled":"default","ast-page-background-meta":{"desktop":{"background-color":"var(--ast-global-color-4)","background-image":"","background-repeat":"repeat","background-position":"center center","background-size":"auto","background-attachment":"scroll","background-type":"","background-media":"","overlay-type":"","overlay-color":"","overlay-opacity":"","overlay-gradient":""},"tablet":{"background-color":"","background-image":"","background-repeat":"repeat","background-position":"center center","background-size":"auto","background-attachment":"scroll","background-type":"","background-media":"","overlay-type":"","overlay-color":"","overlay-opacity":"","overlay-gradient":""},"mobile":{"background-color":"","background-image":"","background-repeat":"repeat","background-position":"center center","background-size":"auto","background-attachment":"scroll","background-type":"","background-media":"","overlay-type":"","overlay-color":"","overlay-opacity":"","overlay-gradient":""}},"ast-content-background-meta":{"desktop":{"background-color":"var(--ast-global-color-5)","background-image":"","background-repeat":"repeat","background-position":"center center","background-size":"auto","background-attachment":"scroll","background-type":"","background-media":"","overlay-type":"","overlay-color":"","overlay-opacity":"","overlay-gradient":""},"tablet":{"background-color":"var(--ast-global-color-5)","background-image":"","background-repeat":"repeat","background-position":"center center","background-size":"auto","background-attachment":"scroll","background-type":"","background-media":"","overlay-type":"","overlay-color":"","overlay-opacity":"","overlay-gradient":""},"mobile":{"background-color":"var(--ast-global-color-5)","background-image":"","background-repeat":"repeat","background-position":"center center","background-size":"auto","background-attachment":"scroll","background-type":"","background-media":"","overlay-type":"","overlay-color":"","overlay-opacity":"","overlay-gradient":""}}},"product_brand":[],"product_cat":[54,55,56,58,26,33],"product_tag":[],"class_list":{"0":"post-884","1":"product","2":"type-product","3":"status-publish","4":"has-post-thumbnail","6":"product_cat-categorias","7":"product_cat-calzado-industrial","8":"product_cat-botas-plasticas","9":"product_cat-botas-plasticas-con-puntera","10":"product_cat-marcas","11":"product_cat-croydon","12":"desktop-align-left","13":"tablet-align-left","14":"mobile-align-left","16":"first","17":"instock","18":"taxable","19":"shipping-taxable","20":"purchasable","21":"product-type-variable"},"aioseo_notices":[],"_links":{"self":[{"href":"https:\/\/zapatosyzapatos.com\/index.php\/wp-json\/wp\/v2\/product\/884","targetHints":{"allow":["GET"]}}],"collection":[{"href":"https:\/\/zapatosyzapatos.com\/index.php\/wp-json\/wp\/v2\/product"}],"about":[{"href":"https:\/\/zapatosyzapatos.com\/index.php\/wp-json\/wp\/v2\/types\/product"}],"wp:featuredmedia":[{"embeddable":true,"href":"https:\/\/zapatosyzapatos.com\/index.php\/wp-json\/wp\/v2\/media\/899"}],"wp:attachment":[{"href":"https:\/\/zapatosyzapatos.com\/index.php\/wp-json\/wp\/v2\/media?parent=884"}],"wp:term":[{"taxonomy":"product_brand","embeddable":true,"href":"https:\/\/zapatosyzapatos.com\/index.php\/wp-json\/wp\/v2\/product_brand?post=884"},{"taxonomy":"product_cat","embeddable":true,"href":"https:\/\/zapatosyzapatos.com\/index.php\/wp-json\/wp\/v2\/product_cat?post=884"},{"taxonomy":"product_tag","embeddable":true,"href":"https:\/\/zapatosyzapatos.com\/index.php\/wp-json\/wp\/v2\/product_tag?post=884"}],"curies":[{"name":"wp","href":"https:\/\/api.w.org\/{rel}","templated":true}]}}