{"id":3401,"date":"2023-03-29T13:44:23","date_gmt":"2023-03-29T18:44:23","guid":{"rendered":"https:\/\/zapatosyzapatos.com\/?post_type=product&#038;p=3401"},"modified":"2024-03-11T10:18:19","modified_gmt":"2024-03-11T15:18:19","slug":"bota-c70-centauro-103-201-43-9","status":"publish","type":"product","link":"https:\/\/zapatosyzapatos.com\/index.php\/producto\/bota-c70-centauro-103-201-43-9\/","title":{"rendered":"Bota C70 Centauro 103 Siena 201-43-9"},"content":{"rendered":"<div class=\"vtex-flex-layout-0-x-flexColChild pb0\">\n<div class=\"panel-body\" data-product-scroll=\"\">\n<div class=\"feature-information\">\n<div class=\"product-feature\">\n<div class=\"product-bg-container\">\n<div class=\"vtex-flex-layout-0-x-flexColChild pb0\">\n<div class=\"panel-body\" data-product-scroll=\"\">\n<div class=\"feature-information\">\n<div class=\"product-feature\">\n<div class=\"product-bg-container\">\n<h2><span style=\"color: #000000;\">Bota C70 Centauro 103 201-43-9<\/span><\/h2>\n<p><span style=\"color: #999999;\">Bota C70 Centauro 103<\/span><\/p>\n<p><strong>CARACTER\u00cdSTICAS DEL CALZADO<\/strong><\/p>\n<p>COLOR: Siena<\/p>\n<p>TALLAS: 35-45<\/p>\n<p>Material: Corte elaborado en cuero nobuck (flor esmerilada) ,calibre 1.8 \u2013 2.0 mm<\/p>\n<p>Puntera: Material termoplastico 1.3 mm con dureza de 40 a 50 shore A<\/p>\n<p>Plantilla: L\u00e1mina EVA de 3 mm, anat\u00f3mica, bondeada con tela poliester<\/p>\n<p>Suela: Fabricada en caucho natural reforzado con cargas activas, permitiendo mayor resistencia ante la abrasi\u00f3n y flexi\u00f3n, la huella proporciona excelente agarre en diferentes superficies<\/p>\n<p><strong>Garant\u00eda<\/strong>\u00a0:\u00a02 (Dos) Meses<\/p>\n<h2><span style=\"color: #999999;\">Bota C70 Centauro 103 Siena 201-43-9<\/span><\/h2>\n<h3><span style=\"color: #ff0000;\"><b>DESCUENTOS PARA VENTAS AL POR MAYOR<\/b><\/span><\/h3>\n<\/div>\n<\/div>\n<\/div>\n<\/div>\n<\/div>\n<\/div>\n<\/div>\n<\/div>\n<\/div>\n<\/div>\n<div class=\"vtex-flex-layout-0-x-flexColChild pb0\">\n<div class=\"panel-body\" data-product-scroll=\"\">\n<div class=\"feature-information\">\n<div class=\"product-feature\">\n<div class=\"product-bg-container\">\n<h2>Nuestra Historia<\/h2>\n<p><span data-contrast=\"auto\">Nuestra gran variedad de productos incluye Botas Industriales de seguridad con puntera o sin puntera, Botas Pl\u00e1sticas o en PVC con puntera o sin puntera, Calzado Institucional de Hombre y de Dama, Colegiales de todas las gamas y precios, Calzado Ejecutivo, Calzado de Moda para adultos y ni\u00f1os de las marcas Croydon, Kondor, Oversize, Venus, Bubble Gummers, Verlon, Los Gomosos, Chernandez entre otras. Con este Gran surtido y manejando los mejores precios del mercado estamos dando la mejor atenci\u00f3n a todo nuestro p\u00fablico brind\u00e1ndoles el mejor servicio y satisfaciendo las necesidades del mercado Regional.<\/span><\/p>\n<p><span data-contrast=\"auto\">Nuestro Prop\u00f3sito como Empresa es Brindar a nuestros clientes Empresariales y P\u00fablico en General las mejores opciones de mercado. Con esto fidelizarlos y de esta manera que tengan como primera Opci\u00f3n nuestras tiendas.<\/span><\/p>\n<p><span data-contrast=\"auto\">Zapatos &amp; Zapatos Fundada por Carlos Alberto Hern\u00e1ndez Chaves con m\u00e1s de 40 a\u00f1os de experiencia, trae al mercado Vallecaucano principalmente en la Ciudad de Cali, Las mejores marcas nacionales de calzado. Con esto promoviendo el mercado nacional Logra impulsar este negocio haciendo estudio de mercado y reconocimiento de marcas. llegando a generarles reconocimiento en la Regi\u00f3n.<\/span><\/p>\n<p><span data-contrast=\"auto\">D\u00e1ndole manejo continuo a estas marcas ha logrado traer a la regi\u00f3n productos de la industria del calzado para el P\u00fablico en General, Empresas e Industrias. productos que con la mano de obra colombiana sabemos que son de excelente calidad y precio.<\/span><\/p>\n<p>Estamos ubicados en San Nicolas en la ciudad de Cali, Valle del Cauca.<\/p>\n<p>Nuestro maravilloso equipo humano nos define. m\u00e1s que colaboradores, somos familia que ha logrado crecer de la mano y alinear sus intereses a los de la empresa poni\u00e9ndole el alma a su labor.<\/p>\n<h4><strong>Tambien Recomendamos Visitar:<\/strong><\/h4>\n<\/div>\n<p><a href=\"https:\/\/zapatosyzapatos.com\/index.php\/categoria-producto\/marcas\/calzado-70\/\" target=\"_blank\" rel=\"noopener\"><img decoding=\"async\" class=\"alignnone wp-image-3097 size-medium\" src=\"https:\/\/zapatosyzapatos.com\/wp-content\/uploads\/2023\/03\/Calzado70-Calzaunico-300x68.jpg\" alt=\"\" width=\"300\" height=\"68\" srcset=\"https:\/\/zapatosyzapatos.com\/wp-content\/uploads\/2023\/03\/Calzado70-Calzaunico-300x69.jpg 300w, https:\/\/zapatosyzapatos.com\/wp-content\/uploads\/2023\/03\/Calzado70-Calzaunico-64x15.jpg 64w, https:\/\/zapatosyzapatos.com\/wp-content\/uploads\/2023\/03\/Calzado70-Calzaunico.jpg 304w\" sizes=\"(max-width: 300px) 100vw, 300px\" \/><\/a><\/p>\n<h4><\/h4>\n<\/div>\n<\/div>\n<\/div>\n<\/div>\n","protected":false},"excerpt":{"rendered":"<h4><a href=\"https:\/\/zapatosyzapatos.com\/index.php\/categoria-producto\/marcas\/calzado-70\/\" target=\"_blank\" rel=\"noopener\"><img decoding=\"async\" class=\"alignnone wp-image-3097 size-medium\" src=\"https:\/\/zapatosyzapatos.com\/wp-content\/uploads\/2023\/03\/Calzado70-Calzaunico-300x68.jpg\" alt=\"\" width=\"300\" height=\"68\" srcset=\"https:\/\/zapatosyzapatos.com\/wp-content\/uploads\/2023\/03\/Calzado70-Calzaunico-300x69.jpg 300w, https:\/\/zapatosyzapatos.com\/wp-content\/uploads\/2023\/03\/Calzado70-Calzaunico-64x15.jpg 64w, https:\/\/zapatosyzapatos.com\/wp-content\/uploads\/2023\/03\/Calzado70-Calzaunico.jpg 304w\" sizes=\"(max-width: 300px) 100vw, 300px\" \/><\/a><\/h4>\n<p><a href=\"https:\/\/api.whatsapp.com\/send\/?phone=573043815212&amp;text=Quiero+realizar+una+cotizaci%C3%B3n&amp;app_absent=0\" target=\"_blank\" rel=\"noopener\"><img decoding=\"async\" class=\"alignnone wp-image-252 size-medium\" style=\"font-weight: inherit;\" src=\"https:\/\/zapatosyzapatos.com\/wp-content\/uploads\/2023\/02\/Boton_Escribenos_ZapatosyZapatos-300x61.png\" alt=\"\" width=\"300\" height=\"61\" srcset=\"https:\/\/zapatosyzapatos.com\/wp-content\/uploads\/2023\/02\/Boton_Escribenos_ZapatosyZapatos-300x61.png 300w, https:\/\/zapatosyzapatos.com\/wp-content\/uploads\/2023\/02\/Boton_Escribenos_ZapatosyZapatos-600x121.png 600w, https:\/\/zapatosyzapatos.com\/wp-content\/uploads\/2023\/02\/Boton_Escribenos_ZapatosyZapatos-64x13.png 64w, https:\/\/zapatosyzapatos.com\/wp-content\/uploads\/2023\/02\/Boton_Escribenos_ZapatosyZapatos-768x155.png 768w, https:\/\/zapatosyzapatos.com\/wp-content\/uploads\/2023\/02\/Boton_Escribenos_ZapatosyZapatos.png 990w\" sizes=\"(max-width: 300px) 100vw, 300px\" \/><\/a><span style=\"font-size: 16px;\">\u00a0 \u00a0<\/span><\/p>\n<p><a href=\"https:\/\/zapatosyzapatos.com\/wp-content\/uploads\/2023\/03\/103-bota-centauro-siena.pdfhttps:\/\/zapatosyzapatos.com\/wp-content\/uploads\/2023\/03\/103-bota-centauro-siena.pdf\" target=\"_blank\" rel=\"noopener\"><img decoding=\"async\" class=\"alignnone wp-image-253 size-medium\" style=\"font-weight: inherit;\" src=\"https:\/\/zapatosyzapatos.com\/wp-content\/uploads\/2023\/02\/Boton_Ficha_Tecnica_ZapatosyZapatos-300x40.png\" alt=\"\" width=\"300\" height=\"40\" srcset=\"https:\/\/zapatosyzapatos.com\/wp-content\/uploads\/2023\/02\/Boton_Ficha_Tecnica_ZapatosyZapatos-300x40.png 300w, https:\/\/zapatosyzapatos.com\/wp-content\/uploads\/2023\/02\/Boton_Ficha_Tecnica_ZapatosyZapatos-600x79.png 600w, https:\/\/zapatosyzapatos.com\/wp-content\/uploads\/2023\/02\/Boton_Ficha_Tecnica_ZapatosyZapatos-64x8.png 64w, https:\/\/zapatosyzapatos.com\/wp-content\/uploads\/2023\/02\/Boton_Ficha_Tecnica_ZapatosyZapatos-768x101.png 768w, https:\/\/zapatosyzapatos.com\/wp-content\/uploads\/2023\/02\/Boton_Ficha_Tecnica_ZapatosyZapatos.png 993w\" sizes=\"(max-width: 300px) 100vw, 300px\" \/><\/a><\/p>\n<p><a href=\"https:\/\/api.whatsapp.com\/send\/?phone=573043815212&amp;text=Quiero+realizar+una+cotizaci%C3%B3n&amp;app_absent=0\" target=\"_blank\" rel=\"noopener\"><img loading=\"lazy\" decoding=\"async\" class=\"alignnone wp-image-254 size-medium\" src=\"https:\/\/zapatosyzapatos.com\/wp-content\/uploads\/2023\/02\/Ventas_X_Mayor_3_ZapatosyZapatos-300x160.png\" alt=\"\" width=\"300\" height=\"160\" srcset=\"https:\/\/zapatosyzapatos.com\/wp-content\/uploads\/2023\/02\/Ventas_X_Mayor_3_ZapatosyZapatos-300x160.png 300w, https:\/\/zapatosyzapatos.com\/wp-content\/uploads\/2023\/02\/Ventas_X_Mayor_3_ZapatosyZapatos-600x320.png 600w, https:\/\/zapatosyzapatos.com\/wp-content\/uploads\/2023\/02\/Ventas_X_Mayor_3_ZapatosyZapatos-64x34.png 64w, https:\/\/zapatosyzapatos.com\/wp-content\/uploads\/2023\/02\/Ventas_X_Mayor_3_ZapatosyZapatos.png 750w\" sizes=\"(max-width: 300px) 100vw, 300px\" \/><\/a><\/p>\n","protected":false},"featured_media":3403,"template":"","meta":{"_monsterinsights_skip_tracking":false,"_monsterinsights_sitenote_active":false,"_monsterinsights_sitenote_note":"","_monsterinsights_sitenote_category":0,"site-sidebar-layout":"default","site-content-layout":"default","ast-site-content-layout":"default","site-content-style":"default","site-sidebar-style":"default","ast-global-header-display":"","ast-banner-title-visibility":"","ast-main-header-display":"","ast-hfb-above-header-display":"","ast-hfb-below-header-display":"","ast-hfb-mobile-header-display":"","site-post-title":"","ast-breadcrumbs-content":"","ast-featured-img":"","footer-sml-layout":"","theme-transparent-header-meta":"default","adv-header-id-meta":"","stick-header-meta":"","header-above-stick-meta":"","header-main-stick-meta":"","header-below-stick-meta":"","astra-migrate-meta-layouts":"set","ast-page-background-enabled":"default","ast-page-background-meta":{"desktop":{"background-color":"var(--ast-global-color-4)","background-image":"","background-repeat":"repeat","background-position":"center center","background-size":"auto","background-attachment":"scroll","background-type":"","background-media":"","overlay-type":"","overlay-color":"","overlay-opacity":"","overlay-gradient":""},"tablet":{"background-color":"","background-image":"","background-repeat":"repeat","background-position":"center center","background-size":"auto","background-attachment":"scroll","background-type":"","background-media":"","overlay-type":"","overlay-color":"","overlay-opacity":"","overlay-gradient":""},"mobile":{"background-color":"","background-image":"","background-repeat":"repeat","background-position":"center center","background-size":"auto","background-attachment":"scroll","background-type":"","background-media":"","overlay-type":"","overlay-color":"","overlay-opacity":"","overlay-gradient":""}},"ast-content-background-meta":{"desktop":{"background-color":"var(--ast-global-color-5)","background-image":"","background-repeat":"repeat","background-position":"center center","background-size":"auto","background-attachment":"scroll","background-type":"","background-media":"","overlay-type":"","overlay-color":"","overlay-opacity":"","overlay-gradient":""},"tablet":{"background-color":"var(--ast-global-color-5)","background-image":"","background-repeat":"repeat","background-position":"center center","background-size":"auto","background-attachment":"scroll","background-type":"","background-media":"","overlay-type":"","overlay-color":"","overlay-opacity":"","overlay-gradient":""},"mobile":{"background-color":"var(--ast-global-color-5)","background-image":"","background-repeat":"repeat","background-position":"center center","background-size":"auto","background-attachment":"scroll","background-type":"","background-media":"","overlay-type":"","overlay-color":"","overlay-opacity":"","overlay-gradient":""}}},"product_brand":[],"product_cat":[54,55,59,62,26,31],"product_tag":[],"class_list":{"0":"post-3401","1":"product","2":"type-product","3":"status-publish","4":"has-post-thumbnail","6":"product_cat-categorias","7":"product_cat-calzado-industrial","8":"product_cat-botas-cuero-micro-piel","9":"product_cat-botas-cuero-con-puntera","10":"product_cat-marcas","11":"product_cat-calzado-70","12":"desktop-align-left","13":"tablet-align-left","14":"mobile-align-left","16":"first","17":"instock","18":"taxable","19":"shipping-taxable","20":"purchasable","21":"product-type-variable"},"aioseo_notices":[],"_links":{"self":[{"href":"https:\/\/zapatosyzapatos.com\/index.php\/wp-json\/wp\/v2\/product\/3401","targetHints":{"allow":["GET"]}}],"collection":[{"href":"https:\/\/zapatosyzapatos.com\/index.php\/wp-json\/wp\/v2\/product"}],"about":[{"href":"https:\/\/zapatosyzapatos.com\/index.php\/wp-json\/wp\/v2\/types\/product"}],"wp:featuredmedia":[{"embeddable":true,"href":"https:\/\/zapatosyzapatos.com\/index.php\/wp-json\/wp\/v2\/media\/3403"}],"wp:attachment":[{"href":"https:\/\/zapatosyzapatos.com\/index.php\/wp-json\/wp\/v2\/media?parent=3401"}],"wp:term":[{"taxonomy":"product_brand","embeddable":true,"href":"https:\/\/zapatosyzapatos.com\/index.php\/wp-json\/wp\/v2\/product_brand?post=3401"},{"taxonomy":"product_cat","embeddable":true,"href":"https:\/\/zapatosyzapatos.com\/index.php\/wp-json\/wp\/v2\/product_cat?post=3401"},{"taxonomy":"product_tag","embeddable":true,"href":"https:\/\/zapatosyzapatos.com\/index.php\/wp-json\/wp\/v2\/product_tag?post=3401"}],"curies":[{"name":"wp","href":"https:\/\/api.w.org\/{rel}","templated":true}]}}