{"id":2344,"date":"2023-03-03T15:10:16","date_gmt":"2023-03-03T20:10:16","guid":{"rendered":"https:\/\/zapatosyzapatos.com\/?post_type=product&#038;p=2344"},"modified":"2023-05-19T22:28:03","modified_gmt":"2023-05-20T03:28:03","slug":"bota-super-track-fuller-4","status":"publish","type":"product","link":"https:\/\/zapatosyzapatos.com\/index.php\/producto\/bota-super-track-fuller-4\/","title":{"rendered":"Bota Super Track Fuller Pinto 202-18-1"},"content":{"rendered":"<h1 class=\"product_title entry-title\">Bota Super Track Fuller Pinto 202-18-1<\/h1>\n<p class=\"product_title entry-title\">Bota Super Track Fuller Pinto\u00a0 202-18-1<\/p>\n<h3 class=\"product_title entry-title\">Super Track Fuller Pinto Amarillo<\/h3>\n<p>&nbsp;<\/p>\n<p><strong>CARACTER\u00cdSTICAS DEL CALZADO<\/strong><\/p>\n<ul>\n<li>Suelas en pvc de alta resistencia de mayor durabilidad.<\/li>\n<li>Malla interna para facil postura y remocion de las botas.<\/li>\n<li>labrado profucdo de la suela para mayor agarre.<\/li>\n<li>Probada resistencia en los ambientes de trabajo pesado.<\/li>\n<li>Inyeccion bicolor, material pvc impermeable.<\/li>\n<li>Resistente a grasas animales, aceiytes minerales e hidorcarburos,<\/li>\n<li>Media especial de poliester afelpado, suela resistente a la abrasi\u00f3n.<\/li>\n<li>Uso: especial para el campo y la construccion, agricola, floricultura y ganaderia<br \/>\n<h3><\/h3>\n<p><b>GARANT\u00cdA<\/b>: 2 (DOS) MESES.<\/li>\n<\/ul>\n<p>&nbsp;<\/p>\n<p><a href=\"https:\/\/zapatosyzapatos.com\/index.php\/categoria-producto\/marcas\/fuller-pinto\/\" target=\"_blank\" rel=\"noopener\"><img decoding=\"async\" class=\"alignnone wp-image-2272\" src=\"https:\/\/zapatosyzapatos.com\/wp-content\/uploads\/2023\/03\/Recurso-2@2x-8-300x54.png\" alt=\"\" width=\"317\" height=\"57\" srcset=\"https:\/\/zapatosyzapatos.com\/wp-content\/uploads\/2023\/03\/Recurso-2@2x-8-300x54.png 300w, https:\/\/zapatosyzapatos.com\/wp-content\/uploads\/2023\/03\/Recurso-2@2x-8-1024x185.png 1024w, https:\/\/zapatosyzapatos.com\/wp-content\/uploads\/2023\/03\/Recurso-2@2x-8-768x139.png 768w, https:\/\/zapatosyzapatos.com\/wp-content\/uploads\/2023\/03\/Recurso-2@2x-8-1536x277.png 1536w, https:\/\/zapatosyzapatos.com\/wp-content\/uploads\/2023\/03\/Recurso-2@2x-8-2048x370.png 2048w, https:\/\/zapatosyzapatos.com\/wp-content\/uploads\/2023\/03\/Recurso-2@2x-8-600x108.png 600w, https:\/\/zapatosyzapatos.com\/wp-content\/uploads\/2023\/03\/Recurso-2@2x-8-64x12.png 64w\" sizes=\"(max-width: 317px) 100vw, 317px\" \/><\/a><\/p>\n<p>&nbsp;<\/p>\n<div class=\"panel-body\" data-product-scroll=\"\">\n<div class=\"feature-information\">\n<div class=\"product-feature\">\n<div class=\"product-bg-container\">\n<div class=\"vtex-flex-layout-0-x-flexRow vtex-flex-layout-0-x-flexRow--productSpecificationGroup\">\n<div class=\"flex mt0 mb0 pt0 pb0 justify-start vtex-flex-layout-0-x-flexRowContent vtex-flex-layout-0-x-flexRowContent--productSpecificationGroup items-stretch w-100\">\n<div class=\"pr0 items-stretch vtex-flex-layout-0-x-stretchChildrenWidth flex\">\n<div class=\"vtex-flex-layout-0-x-flexCol ml0 mr0 pl0 pr0 flex flex-column h-100 w-100\">\n<div class=\"vtex-flex-layout-0-x-flexColChild pb0\">\n<div class=\"panel-body\" data-product-scroll=\"\">\n<div class=\"feature-information\">\n<div class=\"product-feature\">\n<div class=\"product-bg-container\">\n<div class=\"panel-body\" data-product-scroll=\"\">\n<div class=\"feature-information\">\n<div class=\"product-feature\">\n<h1>Nuestra Historia<\/h1>\n<p>&nbsp;<\/p>\n<p>Zapatos &amp; Zapatos Fundada por Carlos Alberto Hern\u00e1ndez Chaves con m\u00e1s de 40 a\u00f1os de experiencia,<\/p>\n<p>trae al mercado Vallecaucano principalmente en la Ciudad de Cali, Las mejores marcas nacionales de calzado.<\/p>\n<p>Con esto promoviendo el mercado nacional Logra impulsar este negocio haciendo estudio de mercado y reconocimiento de marcas.<\/p>\n<p>llegando as\u00ed a darles un reconocimiento en la regi\u00f3n.<\/p>\n<p>D\u00e1ndole manejo continuo a estas marcas ha logrado traer a la regi\u00f3n productos de primera necesidad para el Publico en General,<\/p>\n<p>Empresas e Industrias. productos que con la mano de obra colombiana sabemos que son de excelente calidad y precio.<\/p>\n<p>Nuestra gran variedad de productos incluye Botas Industriales de seguridad con puntera o sin puntera,<\/p>\n<p>Botas Pl\u00e1sticas o en PVC con puntera o sin puntera, Calzado Institucional de Hombre y de Dama, Colegiales de todas las gamas y precios,<\/p>\n<p>Calzado de Moda para adultos y ni\u00f1os de las marcas Croydon, Kondor, Oversize, Venus, Bubble Gummers, Verlon, Los Gomosos,<\/p>\n<p>Chernandez entre otras. Con este Gran surtido y manejando los mejores precios del mercado estamos dando la mejor atenci\u00f3n a todo nuestro p\u00fablico,<\/p>\n<p>brind\u00e1ndoles el mejor servicio y satisfaciendo las necesidades del mercado Regional.<\/p>\n<p>Nuestro Prop\u00f3sito como Empresa es Brindar a nuestros clientes Empresariales y P\u00fablico en General las mejores opciones de mercado.<\/p>\n<p>Con esto fidelizarlos y de esta manera que tengan como primera Opci\u00f3n nuestras tiendas Zapatos &amp; Zapatos<\/p>\n<\/div>\n<\/div>\n<\/div>\n<\/div>\n<\/div>\n<\/div>\n<\/div>\n<\/div>\n<\/div>\n<\/div>\n<\/div>\n<\/div>\n<\/div>\n<\/div>\n<\/div>\n<\/div>\n","protected":false},"excerpt":{"rendered":"<p>&nbsp;<\/p>\n<p><a href=\"https:\/\/zapatosyzapatos.com\/index.php\/categoria-producto\/marcas\/fuller-pinto\/\" target=\"_blank\" rel=\"noopener\"><img decoding=\"async\" class=\"alignnone wp-image-2272 size-medium\" src=\"https:\/\/zapatosyzapatos.com\/wp-content\/uploads\/2023\/03\/Recurso-2@2x-8-300x54.png\" alt=\"\" width=\"300\" height=\"54\" srcset=\"https:\/\/zapatosyzapatos.com\/wp-content\/uploads\/2023\/03\/Recurso-2@2x-8-300x54.png 300w, https:\/\/zapatosyzapatos.com\/wp-content\/uploads\/2023\/03\/Recurso-2@2x-8-1024x185.png 1024w, https:\/\/zapatosyzapatos.com\/wp-content\/uploads\/2023\/03\/Recurso-2@2x-8-768x139.png 768w, https:\/\/zapatosyzapatos.com\/wp-content\/uploads\/2023\/03\/Recurso-2@2x-8-1536x277.png 1536w, https:\/\/zapatosyzapatos.com\/wp-content\/uploads\/2023\/03\/Recurso-2@2x-8-2048x370.png 2048w, https:\/\/zapatosyzapatos.com\/wp-content\/uploads\/2023\/03\/Recurso-2@2x-8-600x108.png 600w, https:\/\/zapatosyzapatos.com\/wp-content\/uploads\/2023\/03\/Recurso-2@2x-8-64x12.png 64w\" sizes=\"(max-width: 300px) 100vw, 300px\" \/><\/a><\/p>\n<p><a href=\"https:\/\/api.whatsapp.com\/send\/?phone=573043815212&amp;text=Quiero+realizar+una+cotizaci%C3%B3n&amp;app_absent=0\" target=\"_blank\" rel=\"noopener\"><img decoding=\"async\" class=\"alignnone wp-image-252 size-medium\" src=\"https:\/\/zapatosyzapatos.com\/wp-content\/uploads\/2023\/02\/Boton_Escribenos_ZapatosyZapatos-300x61.png\" alt=\"\" width=\"300\" height=\"61\" srcset=\"https:\/\/zapatosyzapatos.com\/wp-content\/uploads\/2023\/02\/Boton_Escribenos_ZapatosyZapatos-300x61.png 300w, https:\/\/zapatosyzapatos.com\/wp-content\/uploads\/2023\/02\/Boton_Escribenos_ZapatosyZapatos-600x121.png 600w, https:\/\/zapatosyzapatos.com\/wp-content\/uploads\/2023\/02\/Boton_Escribenos_ZapatosyZapatos-64x13.png 64w, https:\/\/zapatosyzapatos.com\/wp-content\/uploads\/2023\/02\/Boton_Escribenos_ZapatosyZapatos-768x155.png 768w, https:\/\/zapatosyzapatos.com\/wp-content\/uploads\/2023\/02\/Boton_Escribenos_ZapatosyZapatos.png 990w\" sizes=\"(max-width: 300px) 100vw, 300px\" \/><\/a><\/p>\n<p><a href=\"https:\/\/zapatosyzapatos.com\/wp-content\/uploads\/2023\/03\/Captura.JPG-Botas-Super-Track-Fuller-Pinto-Con-Puntera.jpg\" target=\"_blank\" rel=\"noopener\"><img loading=\"lazy\" decoding=\"async\" class=\"alignnone wp-image-253 size-medium\" src=\"https:\/\/zapatosyzapatos.com\/wp-content\/uploads\/2023\/02\/Boton_Ficha_Tecnica_ZapatosyZapatos-300x40.png\" alt=\"\" width=\"300\" height=\"40\" srcset=\"https:\/\/zapatosyzapatos.com\/wp-content\/uploads\/2023\/02\/Boton_Ficha_Tecnica_ZapatosyZapatos-300x40.png 300w, https:\/\/zapatosyzapatos.com\/wp-content\/uploads\/2023\/02\/Boton_Ficha_Tecnica_ZapatosyZapatos-600x79.png 600w, https:\/\/zapatosyzapatos.com\/wp-content\/uploads\/2023\/02\/Boton_Ficha_Tecnica_ZapatosyZapatos-64x8.png 64w, https:\/\/zapatosyzapatos.com\/wp-content\/uploads\/2023\/02\/Boton_Ficha_Tecnica_ZapatosyZapatos-768x101.png 768w, https:\/\/zapatosyzapatos.com\/wp-content\/uploads\/2023\/02\/Boton_Ficha_Tecnica_ZapatosyZapatos.png 993w\" sizes=\"(max-width: 300px) 100vw, 300px\" \/><\/a><\/p>\n<p><img loading=\"lazy\" decoding=\"async\" class=\"alignnone size-medium wp-image-254\" src=\"https:\/\/zapatosyzapatos.com\/wp-content\/uploads\/2023\/02\/Ventas_X_Mayor_3_ZapatosyZapatos-300x160.png\" alt=\"\" width=\"300\" height=\"160\" srcset=\"https:\/\/zapatosyzapatos.com\/wp-content\/uploads\/2023\/02\/Ventas_X_Mayor_3_ZapatosyZapatos-300x160.png 300w, https:\/\/zapatosyzapatos.com\/wp-content\/uploads\/2023\/02\/Ventas_X_Mayor_3_ZapatosyZapatos-600x320.png 600w, https:\/\/zapatosyzapatos.com\/wp-content\/uploads\/2023\/02\/Ventas_X_Mayor_3_ZapatosyZapatos-64x34.png 64w, https:\/\/zapatosyzapatos.com\/wp-content\/uploads\/2023\/02\/Ventas_X_Mayor_3_ZapatosyZapatos.png 750w\" sizes=\"(max-width: 300px) 100vw, 300px\" \/><\/p>\n","protected":false},"featured_media":2357,"template":"","meta":{"_monsterinsights_skip_tracking":false,"_monsterinsights_sitenote_active":false,"_monsterinsights_sitenote_note":"","_monsterinsights_sitenote_category":0,"site-sidebar-layout":"default","site-content-layout":"default","ast-site-content-layout":"default","site-content-style":"default","site-sidebar-style":"default","ast-global-header-display":"","ast-banner-title-visibility":"","ast-main-header-display":"","ast-hfb-above-header-display":"","ast-hfb-below-header-display":"","ast-hfb-mobile-header-display":"","site-post-title":"","ast-breadcrumbs-content":"","ast-featured-img":"","footer-sml-layout":"","theme-transparent-header-meta":"default","adv-header-id-meta":"","stick-header-meta":"","header-above-stick-meta":"","header-main-stick-meta":"","header-below-stick-meta":"","astra-migrate-meta-layouts":"default","ast-page-background-enabled":"default","ast-page-background-meta":{"desktop":{"background-color":"var(--ast-global-color-4)","background-image":"","background-repeat":"repeat","background-position":"center center","background-size":"auto","background-attachment":"scroll","background-type":"","background-media":"","overlay-type":"","overlay-color":"","overlay-opacity":"","overlay-gradient":""},"tablet":{"background-color":"","background-image":"","background-repeat":"repeat","background-position":"center center","background-size":"auto","background-attachment":"scroll","background-type":"","background-media":"","overlay-type":"","overlay-color":"","overlay-opacity":"","overlay-gradient":""},"mobile":{"background-color":"","background-image":"","background-repeat":"repeat","background-position":"center center","background-size":"auto","background-attachment":"scroll","background-type":"","background-media":"","overlay-type":"","overlay-color":"","overlay-opacity":"","overlay-gradient":""}},"ast-content-background-meta":{"desktop":{"background-color":"var(--ast-global-color-5)","background-image":"","background-repeat":"repeat","background-position":"center center","background-size":"auto","background-attachment":"scroll","background-type":"","background-media":"","overlay-type":"","overlay-color":"","overlay-opacity":"","overlay-gradient":""},"tablet":{"background-color":"var(--ast-global-color-5)","background-image":"","background-repeat":"repeat","background-position":"center center","background-size":"auto","background-attachment":"scroll","background-type":"","background-media":"","overlay-type":"","overlay-color":"","overlay-opacity":"","overlay-gradient":""},"mobile":{"background-color":"var(--ast-global-color-5)","background-image":"","background-repeat":"repeat","background-position":"center center","background-size":"auto","background-attachment":"scroll","background-type":"","background-media":"","overlay-type":"","overlay-color":"","overlay-opacity":"","overlay-gradient":""}}},"product_brand":[],"product_cat":[54,55,56,57,26,36],"product_tag":[],"class_list":{"0":"post-2344","1":"product","2":"type-product","3":"status-publish","4":"has-post-thumbnail","6":"product_cat-categorias","7":"product_cat-calzado-industrial","8":"product_cat-botas-plasticas","9":"product_cat-botas-plasticas-sin-puntera","10":"product_cat-marcas","11":"product_cat-fuller-pinto","12":"desktop-align-left","13":"tablet-align-left","14":"mobile-align-left","16":"first","17":"instock","18":"taxable","19":"shipping-taxable","20":"purchasable","21":"product-type-variable"},"aioseo_notices":[],"_links":{"self":[{"href":"https:\/\/zapatosyzapatos.com\/index.php\/wp-json\/wp\/v2\/product\/2344","targetHints":{"allow":["GET"]}}],"collection":[{"href":"https:\/\/zapatosyzapatos.com\/index.php\/wp-json\/wp\/v2\/product"}],"about":[{"href":"https:\/\/zapatosyzapatos.com\/index.php\/wp-json\/wp\/v2\/types\/product"}],"wp:featuredmedia":[{"embeddable":true,"href":"https:\/\/zapatosyzapatos.com\/index.php\/wp-json\/wp\/v2\/media\/2357"}],"wp:attachment":[{"href":"https:\/\/zapatosyzapatos.com\/index.php\/wp-json\/wp\/v2\/media?parent=2344"}],"wp:term":[{"taxonomy":"product_brand","embeddable":true,"href":"https:\/\/zapatosyzapatos.com\/index.php\/wp-json\/wp\/v2\/product_brand?post=2344"},{"taxonomy":"product_cat","embeddable":true,"href":"https:\/\/zapatosyzapatos.com\/index.php\/wp-json\/wp\/v2\/product_cat?post=2344"},{"taxonomy":"product_tag","embeddable":true,"href":"https:\/\/zapatosyzapatos.com\/index.php\/wp-json\/wp\/v2\/product_tag?post=2344"}],"curies":[{"name":"wp","href":"https:\/\/api.w.org\/{rel}","templated":true}]}}